{"id":9260,"date":"2022-02-24T08:45:10","date_gmt":"2022-02-24T08:45:11","guid":{"rendered":"https:\/\/mettelindbergart.dk\/?post_type=product&#038;p=9260"},"modified":"2022-02-24T08:59:40","modified_gmt":"2022-02-24T08:59:40","slug":"one-for-the-team-paperworks-32x24-cm-kopier","status":"publish","type":"product","link":"https:\/\/mettelindbergart.dk\/en\/produkt\/one-for-the-team-paperworks-32x24-cm-kopier\/","title":{"rendered":"One for the team &#8211; paperworks &#8211; 32&#215;24 cm"},"content":{"rendered":"","protected":false},"excerpt":{"rendered":"<p>Jeg elsker dette papirv\u00e6rk, som har vist sig, at v\u00e6re et af de malerier, som jeg indtil videre har v\u00e6ret gladest for i \u00e5r. Det har en helt s\u00e6rligt personlighed over sig.<\/p>\n<p>V\u00e6rket er malet p\u00e5 tykt papir (300 gram) og er klar til at komme i en ramme.<\/p>\n<p>Som du kan se p\u00e5 billederne, kan du v\u00e6re med til at forme personligheden p\u00e5 dette v\u00e6rk alt efter hvilken ramme du v\u00e6lger. Jeg er dig gerne behj\u00e6lpelig med en specialindramning, eller du kan selv tage til din lokale indrammer og pr\u00f8ve lidt forskelligt af.<\/p>\n<p>OBS: Prisen er uden ramme.<\/p>\n","protected":false},"featured_media":9323,"template":"","meta":{"site-sidebar-layout":"default","site-content-layout":"default","ast-site-content-layout":"default","site-content-style":"default","site-sidebar-style":"default","ast-global-header-display":"","ast-banner-title-visibility":"","ast-main-header-display":"","ast-hfb-above-header-display":"","ast-hfb-below-header-display":"","ast-hfb-mobile-header-display":"","site-post-title":"","ast-breadcrumbs-content":"","ast-featured-img":"","footer-sml-layout":"","ast-disable-related-posts":"","theme-transparent-header-meta":"","adv-header-id-meta":"","stick-header-meta":"","header-above-stick-meta":"","header-main-stick-meta":"","header-below-stick-meta":"","astra-migrate-meta-layouts":"default","ast-page-background-enabled":"default","ast-page-background-meta":{"desktop":{"background-color":"","background-image":"","background-repeat":"repeat","background-position":"center center","background-size":"auto","background-attachment":"scroll","background-type":"","background-media":"","overlay-type":"","overlay-color":"","overlay-opacity":"","overlay-gradient":""},"tablet":{"background-color":"","background-image":"","background-repeat":"repeat","background-position":"center center","background-size":"auto","background-attachment":"scroll","background-type":"","background-media":"","overlay-type":"","overlay-color":"","overlay-opacity":"","overlay-gradient":""},"mobile":{"background-color":"","background-image":"","background-repeat":"repeat","background-position":"center center","background-size":"auto","background-attachment":"scroll","background-type":"","background-media":"","overlay-type":"","overlay-color":"","overlay-opacity":"","overlay-gradient":""}},"ast-content-background-meta":{"desktop":{"background-color":"var(--ast-global-color-5)","background-image":"","background-repeat":"repeat","background-position":"center center","background-size":"auto","background-attachment":"scroll","background-type":"","background-media":"","overlay-type":"","overlay-color":"","overlay-opacity":"","overlay-gradient":""},"tablet":{"background-color":"var(--ast-global-color-5)","background-image":"","background-repeat":"repeat","background-position":"center center","background-size":"auto","background-attachment":"scroll","background-type":"","background-media":"","overlay-type":"","overlay-color":"","overlay-opacity":"","overlay-gradient":""},"mobile":{"background-color":"var(--ast-global-color-5)","background-image":"","background-repeat":"repeat","background-position":"center center","background-size":"auto","background-attachment":"scroll","background-type":"","background-media":"","overlay-type":"","overlay-color":"","overlay-opacity":"","overlay-gradient":""}}},"product_brand":[],"product_cat":[110],"product_tag":[],"class_list":{"0":"post-9260","1":"product","2":"type-product","3":"status-publish","4":"has-post-thumbnail","6":"product_cat-sold-paintings","7":"pif-has-gallery","8":"desktop-align-left","9":"tablet-align-left","10":"mobile-align-left","11":"tm-no-options","13":"first","14":"outofstock","15":"taxable","16":"shipping-taxable","17":"purchasable","18":"product-type-simple"},"yoast_head":"<!-- This site is optimized with the Yoast SEO plugin v26.3 - https:\/\/yoast.com\/wordpress\/plugins\/seo\/ -->\n<title>One for the team - paperworks - 32x24 cm - METTE LINDBERG<\/title>\n<meta name=\"robots\" content=\"index, follow, max-snippet:-1, max-image-preview:large, max-video-preview:-1\" \/>\n<link rel=\"canonical\" href=\"https:\/\/mettelindbergart.dk\/produkt\/one-for-the-team-32x24-cm-kopier\/\" \/>\n<meta property=\"og:locale\" content=\"en_US\" \/>\n<meta property=\"og:type\" content=\"article\" \/>\n<meta property=\"og:title\" content=\"One for the team - paperworks - 32x24 cm - METTE LINDBERG\" \/>\n<meta property=\"og:description\" content=\"Jeg elsker dette papirv\u00e6rk, som har vist sig, at v\u00e6re et af de malerier, som jeg indtil videre har v\u00e6ret gladest for i \u00e5r. Det har en helt s\u00e6rligt personlighed over sig. V\u00e6rket er malet p\u00e5 tykt papir (300 gram) og er klar til at komme i en ramme. Som du kan se p\u00e5 billederne, kan du v\u00e6re med til at forme personligheden p\u00e5 dette v\u00e6rk alt efter hvilken ramme du v\u00e6lger. Jeg er dig gerne behj\u00e6lpelig med en specialindramning, eller du kan selv tage til din lokale indrammer og pr\u00f8ve lidt forskelligt af. OBS: Prisen er uden ramme.\" \/>\n<meta property=\"og:url\" content=\"https:\/\/mettelindbergart.dk\/produkt\/one-for-the-team-32x24-cm-kopier\/\" \/>\n<meta property=\"og:site_name\" content=\"METTE LINDBERG\" \/>\n<meta property=\"article:modified_time\" content=\"2022-02-24T08:59:40+00:00\" \/>\n<meta property=\"og:image\" content=\"https:\/\/mettelindbergart.dk\/wp-content\/uploads\/2022\/02\/maleri-og-hyancinter.jpg\" \/>\n\t<meta property=\"og:image:width\" content=\"1000\" \/>\n\t<meta property=\"og:image:height\" content=\"1000\" \/>\n\t<meta property=\"og:image:type\" content=\"image\/jpeg\" \/>\n<meta name=\"twitter:card\" content=\"summary_large_image\" \/>\n<script type=\"application\/ld+json\" class=\"yoast-schema-graph\">{\"@context\":\"https:\/\/schema.org\",\"@graph\":[{\"@type\":\"WebPage\",\"@id\":\"https:\/\/mettelindbergart.dk\/produkt\/one-for-the-team-32x24-cm-kopier\/\",\"url\":\"https:\/\/mettelindbergart.dk\/produkt\/one-for-the-team-32x24-cm-kopier\/\",\"name\":\"One for the team - paperworks - 32x24 cm - METTE LINDBERG\",\"isPartOf\":{\"@id\":\"https:\/\/mettelindbergart.dk\/#website\"},\"primaryImageOfPage\":{\"@id\":\"https:\/\/mettelindbergart.dk\/produkt\/one-for-the-team-32x24-cm-kopier\/#primaryimage\"},\"image\":{\"@id\":\"https:\/\/mettelindbergart.dk\/produkt\/one-for-the-team-32x24-cm-kopier\/#primaryimage\"},\"thumbnailUrl\":\"https:\/\/mettelindbergart.dk\/wp-content\/uploads\/2022\/02\/Loerdag-d.-19.-marts-kl.-13-15.jpg\",\"datePublished\":\"2022-02-24T08:45:11+00:00\",\"dateModified\":\"2022-02-24T08:59:40+00:00\",\"breadcrumb\":{\"@id\":\"https:\/\/mettelindbergart.dk\/produkt\/one-for-the-team-32x24-cm-kopier\/#breadcrumb\"},\"inLanguage\":\"en-US\",\"potentialAction\":[{\"@type\":\"ReadAction\",\"target\":[\"https:\/\/mettelindbergart.dk\/produkt\/one-for-the-team-32x24-cm-kopier\/\"]}]},{\"@type\":\"ImageObject\",\"inLanguage\":\"en-US\",\"@id\":\"https:\/\/mettelindbergart.dk\/produkt\/one-for-the-team-32x24-cm-kopier\/#primaryimage\",\"url\":\"https:\/\/mettelindbergart.dk\/wp-content\/uploads\/2022\/02\/Loerdag-d.-19.-marts-kl.-13-15.jpg\",\"contentUrl\":\"https:\/\/mettelindbergart.dk\/wp-content\/uploads\/2022\/02\/Loerdag-d.-19.-marts-kl.-13-15.jpg\",\"width\":1000,\"height\":1000},{\"@type\":\"BreadcrumbList\",\"@id\":\"https:\/\/mettelindbergart.dk\/produkt\/one-for-the-team-32x24-cm-kopier\/#breadcrumb\",\"itemListElement\":[{\"@type\":\"ListItem\",\"position\":1,\"name\":\"Hjem\",\"item\":\"https:\/\/mettelindbergart.dk\/\"},{\"@type\":\"ListItem\",\"position\":2,\"name\":\"Shop\",\"item\":\"https:\/\/mettelindbergart.dk\/shop\/\"},{\"@type\":\"ListItem\",\"position\":3,\"name\":\"One for the team &#8211; paperworks &#8211; 32&#215;24 cm\"}]},{\"@type\":\"WebSite\",\"@id\":\"https:\/\/mettelindbergart.dk\/#website\",\"url\":\"https:\/\/mettelindbergart.dk\/\",\"name\":\"METTE LINDBERG\",\"description\":\"\",\"potentialAction\":[{\"@type\":\"SearchAction\",\"target\":{\"@type\":\"EntryPoint\",\"urlTemplate\":\"https:\/\/mettelindbergart.dk\/?s={search_term_string}\"},\"query-input\":{\"@type\":\"PropertyValueSpecification\",\"valueRequired\":true,\"valueName\":\"search_term_string\"}}],\"inLanguage\":\"en-US\"}]}<\/script>\n<!-- \/ Yoast SEO plugin. -->","yoast_head_json":{"title":"One for the team - paperworks - 32x24 cm - METTE LINDBERG","robots":{"index":"index","follow":"follow","max-snippet":"max-snippet:-1","max-image-preview":"max-image-preview:large","max-video-preview":"max-video-preview:-1"},"canonical":"https:\/\/mettelindbergart.dk\/produkt\/one-for-the-team-32x24-cm-kopier\/","og_locale":"en_US","og_type":"article","og_title":"One for the team - paperworks - 32x24 cm - METTE LINDBERG","og_description":"Jeg elsker dette papirv\u00e6rk, som har vist sig, at v\u00e6re et af de malerier, som jeg indtil videre har v\u00e6ret gladest for i \u00e5r. Det har en helt s\u00e6rligt personlighed over sig. V\u00e6rket er malet p\u00e5 tykt papir (300 gram) og er klar til at komme i en ramme. Som du kan se p\u00e5 billederne, kan du v\u00e6re med til at forme personligheden p\u00e5 dette v\u00e6rk alt efter hvilken ramme du v\u00e6lger. Jeg er dig gerne behj\u00e6lpelig med en specialindramning, eller du kan selv tage til din lokale indrammer og pr\u00f8ve lidt forskelligt af. OBS: Prisen er uden ramme.","og_url":"https:\/\/mettelindbergart.dk\/produkt\/one-for-the-team-32x24-cm-kopier\/","og_site_name":"METTE LINDBERG","article_modified_time":"2022-02-24T08:59:40+00:00","og_image":[{"width":1000,"height":1000,"url":"https:\/\/mettelindbergart.dk\/wp-content\/uploads\/2022\/02\/maleri-og-hyancinter.jpg","type":"image\/jpeg"}],"twitter_card":"summary_large_image","schema":{"@context":"https:\/\/schema.org","@graph":[{"@type":"WebPage","@id":"https:\/\/mettelindbergart.dk\/produkt\/one-for-the-team-32x24-cm-kopier\/","url":"https:\/\/mettelindbergart.dk\/produkt\/one-for-the-team-32x24-cm-kopier\/","name":"One for the team - paperworks - 32x24 cm - METTE LINDBERG","isPartOf":{"@id":"https:\/\/mettelindbergart.dk\/#website"},"primaryImageOfPage":{"@id":"https:\/\/mettelindbergart.dk\/produkt\/one-for-the-team-32x24-cm-kopier\/#primaryimage"},"image":{"@id":"https:\/\/mettelindbergart.dk\/produkt\/one-for-the-team-32x24-cm-kopier\/#primaryimage"},"thumbnailUrl":"https:\/\/mettelindbergart.dk\/wp-content\/uploads\/2022\/02\/Loerdag-d.-19.-marts-kl.-13-15.jpg","datePublished":"2022-02-24T08:45:11+00:00","dateModified":"2022-02-24T08:59:40+00:00","breadcrumb":{"@id":"https:\/\/mettelindbergart.dk\/produkt\/one-for-the-team-32x24-cm-kopier\/#breadcrumb"},"inLanguage":"en-US","potentialAction":[{"@type":"ReadAction","target":["https:\/\/mettelindbergart.dk\/produkt\/one-for-the-team-32x24-cm-kopier\/"]}]},{"@type":"ImageObject","inLanguage":"en-US","@id":"https:\/\/mettelindbergart.dk\/produkt\/one-for-the-team-32x24-cm-kopier\/#primaryimage","url":"https:\/\/mettelindbergart.dk\/wp-content\/uploads\/2022\/02\/Loerdag-d.-19.-marts-kl.-13-15.jpg","contentUrl":"https:\/\/mettelindbergart.dk\/wp-content\/uploads\/2022\/02\/Loerdag-d.-19.-marts-kl.-13-15.jpg","width":1000,"height":1000},{"@type":"BreadcrumbList","@id":"https:\/\/mettelindbergart.dk\/produkt\/one-for-the-team-32x24-cm-kopier\/#breadcrumb","itemListElement":[{"@type":"ListItem","position":1,"name":"Hjem","item":"https:\/\/mettelindbergart.dk\/"},{"@type":"ListItem","position":2,"name":"Shop","item":"https:\/\/mettelindbergart.dk\/shop\/"},{"@type":"ListItem","position":3,"name":"One for the team &#8211; paperworks &#8211; 32&#215;24 cm"}]},{"@type":"WebSite","@id":"https:\/\/mettelindbergart.dk\/#website","url":"https:\/\/mettelindbergart.dk\/","name":"METTE LINDBERG","description":"","potentialAction":[{"@type":"SearchAction","target":{"@type":"EntryPoint","urlTemplate":"https:\/\/mettelindbergart.dk\/?s={search_term_string}"},"query-input":{"@type":"PropertyValueSpecification","valueRequired":true,"valueName":"search_term_string"}}],"inLanguage":"en-US"}]}},"_links":{"self":[{"href":"https:\/\/mettelindbergart.dk\/en\/wp-json\/wp\/v2\/product\/9260","targetHints":{"allow":["GET"]}}],"collection":[{"href":"https:\/\/mettelindbergart.dk\/en\/wp-json\/wp\/v2\/product"}],"about":[{"href":"https:\/\/mettelindbergart.dk\/en\/wp-json\/wp\/v2\/types\/product"}],"version-history":[{"count":1,"href":"https:\/\/mettelindbergart.dk\/en\/wp-json\/wp\/v2\/product\/9260\/revisions"}],"predecessor-version":[{"id":9278,"href":"https:\/\/mettelindbergart.dk\/en\/wp-json\/wp\/v2\/product\/9260\/revisions\/9278"}],"wp:featuredmedia":[{"embeddable":true,"href":"https:\/\/mettelindbergart.dk\/en\/wp-json\/wp\/v2\/media\/9323"}],"wp:attachment":[{"href":"https:\/\/mettelindbergart.dk\/en\/wp-json\/wp\/v2\/media?parent=9260"}],"wp:term":[{"taxonomy":"product_brand","embeddable":true,"href":"https:\/\/mettelindbergart.dk\/en\/wp-json\/wp\/v2\/product_brand?post=9260"},{"taxonomy":"product_cat","embeddable":true,"href":"https:\/\/mettelindbergart.dk\/en\/wp-json\/wp\/v2\/product_cat?post=9260"},{"taxonomy":"product_tag","embeddable":true,"href":"https:\/\/mettelindbergart.dk\/en\/wp-json\/wp\/v2\/product_tag?post=9260"}],"curies":[{"name":"wp","href":"https:\/\/api.w.org\/{rel}","templated":true}]}}