{"id":3554,"date":"2020-04-28T10:44:15","date_gmt":"2020-04-28T10:44:15","guid":{"rendered":"https:\/\/mettelindbergart.dk\/produkt\/a-bit-of-joy-50x70-cm-or-70x100-cm\/"},"modified":"2021-02-17T10:58:14","modified_gmt":"2021-02-17T10:58:14","slug":"a-bit-of-joy-50x70-cm-or-70x100-cm","status":"publish","type":"product","link":"https:\/\/mettelindbergart.dk\/en\/produkt\/a-bit-of-joy-50x70-cm-or-70x100-cm\/","title":{"rendered":"A bit of Joy &#8211; 50&#215;70 cm or 70&#215;100 cm"},"content":{"rendered":"","protected":false},"excerpt":{"rendered":"<p><em><strong>OBS:<\/strong> The art print is available WITH og WITHOUT a white border. Please choose in the drop-down menu.\u00a0<\/em><\/p>\n<p>This is a hight quality art print of a painting from 2019.<\/p>\n<p>It comes in two different sizes and with or without a white border on the edge.<\/p>\n<p>It&#8217;s a gicl\u00e9e print on fine art paper from Hahnem\u00fchle. Gicl\u00e9e print is of very high quality with amazing colours.<\/p>\n<p>The print will be shipped in a tube.<\/p>\n<p>&nbsp;<\/p>\n","protected":false},"featured_media":3458,"template":"","meta":{"site-sidebar-layout":"default","site-content-layout":"default","ast-site-content-layout":"default","site-content-style":"default","site-sidebar-style":"default","ast-global-header-display":"","ast-banner-title-visibility":"","ast-main-header-display":"","ast-hfb-above-header-display":"","ast-hfb-below-header-display":"","ast-hfb-mobile-header-display":"","site-post-title":"","ast-breadcrumbs-content":"","ast-featured-img":"","footer-sml-layout":"","ast-disable-related-posts":"","theme-transparent-header-meta":"default","adv-header-id-meta":"","stick-header-meta":"","header-above-stick-meta":"","header-main-stick-meta":"","header-below-stick-meta":"","astra-migrate-meta-layouts":"default","ast-page-background-enabled":"default","ast-page-background-meta":{"desktop":{"background-color":"","background-image":"","background-repeat":"repeat","background-position":"center center","background-size":"auto","background-attachment":"scroll","background-type":"","background-media":"","overlay-type":"","overlay-color":"","overlay-opacity":"","overlay-gradient":""},"tablet":{"background-color":"","background-image":"","background-repeat":"repeat","background-position":"center center","background-size":"auto","background-attachment":"scroll","background-type":"","background-media":"","overlay-type":"","overlay-color":"","overlay-opacity":"","overlay-gradient":""},"mobile":{"background-color":"","background-image":"","background-repeat":"repeat","background-position":"center center","background-size":"auto","background-attachment":"scroll","background-type":"","background-media":"","overlay-type":"","overlay-color":"","overlay-opacity":"","overlay-gradient":""}},"ast-content-background-meta":{"desktop":{"background-color":"var(--ast-global-color-5)","background-image":"","background-repeat":"repeat","background-position":"center center","background-size":"auto","background-attachment":"scroll","background-type":"","background-media":"","overlay-type":"","overlay-color":"","overlay-opacity":"","overlay-gradient":""},"tablet":{"background-color":"var(--ast-global-color-5)","background-image":"","background-repeat":"repeat","background-position":"center center","background-size":"auto","background-attachment":"scroll","background-type":"","background-media":"","overlay-type":"","overlay-color":"","overlay-opacity":"","overlay-gradient":""},"mobile":{"background-color":"var(--ast-global-color-5)","background-image":"","background-repeat":"repeat","background-position":"center center","background-size":"auto","background-attachment":"scroll","background-type":"","background-media":"","overlay-type":"","overlay-color":"","overlay-opacity":"","overlay-gradient":""}}},"product_brand":[],"product_cat":[17],"product_tag":[],"class_list":{"0":"post-3554","1":"product","2":"type-product","3":"status-publish","4":"has-post-thumbnail","6":"product_cat-uncategorized","7":"pa_stoerrelse-50x70-cm-with-white-border","8":"pa_stoerrelse-50x70-cm-without-white-border","9":"pa_stoerrelse-70x100-cm-with-white-border","10":"pa_stoerrelse-70x100-cm-without-white-border","11":"pif-has-gallery","12":"desktop-align-left","13":"tablet-align-left","14":"mobile-align-left","15":"tm-no-options","17":"first","18":"instock","19":"taxable","20":"shipping-taxable","21":"purchasable","22":"product-type-variable"},"yoast_head":"<!-- This site is optimized with the Yoast SEO plugin v26.3 - https:\/\/yoast.com\/wordpress\/plugins\/seo\/ -->\n<title>A bit of Joy - 50x70 cm or 70x100 cm - METTE LINDBERG<\/title>\n<meta name=\"robots\" content=\"index, follow, max-snippet:-1, max-image-preview:large, max-video-preview:-1\" \/>\n<link rel=\"canonical\" href=\"https:\/\/mettelindbergart.dk\/en\/produkt\/a-bit-of-joy-50x70-cm-or-70x100-cm\/\" \/>\n<meta property=\"og:locale\" content=\"en_US\" \/>\n<meta property=\"og:type\" content=\"article\" \/>\n<meta property=\"og:title\" content=\"A bit of Joy - 50x70 cm or 70x100 cm - METTE LINDBERG\" \/>\n<meta property=\"og:description\" content=\"OBS: The art print is available WITH og WITHOUT a white border. Please choose in the drop-down menu.\u00a0  This is a hight quality art print of a painting from 2019.  It comes in two different sizes and with or without a white border on the edge.  It&#039;s a gicl\u00e9e print on fine art paper from Hahnem\u00fchle. Gicl\u00e9e print is of very high quality with amazing colours.  The print will be shipped in a tube.  &nbsp;\" \/>\n<meta property=\"og:url\" content=\"https:\/\/mettelindbergart.dk\/en\/produkt\/a-bit-of-joy-50x70-cm-or-70x100-cm\/\" \/>\n<meta property=\"og:site_name\" content=\"METTE LINDBERG\" \/>\n<meta property=\"article:modified_time\" content=\"2021-02-17T10:58:14+00:00\" \/>\n<meta property=\"og:image\" content=\"https:\/\/mettelindbergart.dk\/wp-content\/uploads\/2020\/04\/Kunsttryk-braendte-farver.jpg\" \/>\n\t<meta property=\"og:image:width\" content=\"800\" \/>\n\t<meta property=\"og:image:height\" content=\"800\" \/>\n\t<meta property=\"og:image:type\" content=\"image\/jpeg\" \/>\n<meta name=\"twitter:card\" content=\"summary_large_image\" \/>\n<script type=\"application\/ld+json\" class=\"yoast-schema-graph\">{\"@context\":\"https:\/\/schema.org\",\"@graph\":[{\"@type\":\"WebPage\",\"@id\":\"https:\/\/mettelindbergart.dk\/en\/produkt\/a-bit-of-joy-50x70-cm-or-70x100-cm\/\",\"url\":\"https:\/\/mettelindbergart.dk\/en\/produkt\/a-bit-of-joy-50x70-cm-or-70x100-cm\/\",\"name\":\"A bit of Joy - 50x70 cm or 70x100 cm - METTE LINDBERG\",\"isPartOf\":{\"@id\":\"https:\/\/mettelindbergart.dk\/#website\"},\"primaryImageOfPage\":{\"@id\":\"https:\/\/mettelindbergart.dk\/en\/produkt\/a-bit-of-joy-50x70-cm-or-70x100-cm\/#primaryimage\"},\"image\":{\"@id\":\"https:\/\/mettelindbergart.dk\/en\/produkt\/a-bit-of-joy-50x70-cm-or-70x100-cm\/#primaryimage\"},\"thumbnailUrl\":\"https:\/\/mettelindbergart.dk\/wp-content\/uploads\/2020\/04\/Kunsttryk-braendte-farver.jpg\",\"datePublished\":\"2020-04-28T10:44:15+00:00\",\"dateModified\":\"2021-02-17T10:58:14+00:00\",\"breadcrumb\":{\"@id\":\"https:\/\/mettelindbergart.dk\/en\/produkt\/a-bit-of-joy-50x70-cm-or-70x100-cm\/#breadcrumb\"},\"inLanguage\":\"en-US\",\"potentialAction\":[{\"@type\":\"ReadAction\",\"target\":[\"https:\/\/mettelindbergart.dk\/en\/produkt\/a-bit-of-joy-50x70-cm-or-70x100-cm\/\"]}]},{\"@type\":\"ImageObject\",\"inLanguage\":\"en-US\",\"@id\":\"https:\/\/mettelindbergart.dk\/en\/produkt\/a-bit-of-joy-50x70-cm-or-70x100-cm\/#primaryimage\",\"url\":\"https:\/\/mettelindbergart.dk\/wp-content\/uploads\/2020\/04\/Kunsttryk-braendte-farver.jpg\",\"contentUrl\":\"https:\/\/mettelindbergart.dk\/wp-content\/uploads\/2020\/04\/Kunsttryk-braendte-farver.jpg\",\"width\":800,\"height\":800},{\"@type\":\"BreadcrumbList\",\"@id\":\"https:\/\/mettelindbergart.dk\/en\/produkt\/a-bit-of-joy-50x70-cm-or-70x100-cm\/#breadcrumb\",\"itemListElement\":[{\"@type\":\"ListItem\",\"position\":1,\"name\":\"Hjem\",\"item\":\"https:\/\/mettelindbergart.dk\/\"},{\"@type\":\"ListItem\",\"position\":2,\"name\":\"Shop\",\"item\":\"https:\/\/mettelindbergart.dk\/shop\/\"},{\"@type\":\"ListItem\",\"position\":3,\"name\":\"A bit of Joy &#8211; 50&#215;70 cm or 70&#215;100 cm\"}]},{\"@type\":\"WebSite\",\"@id\":\"https:\/\/mettelindbergart.dk\/#website\",\"url\":\"https:\/\/mettelindbergart.dk\/\",\"name\":\"METTE LINDBERG\",\"description\":\"\",\"potentialAction\":[{\"@type\":\"SearchAction\",\"target\":{\"@type\":\"EntryPoint\",\"urlTemplate\":\"https:\/\/mettelindbergart.dk\/?s={search_term_string}\"},\"query-input\":{\"@type\":\"PropertyValueSpecification\",\"valueRequired\":true,\"valueName\":\"search_term_string\"}}],\"inLanguage\":\"en-US\"}]}<\/script>\n<!-- \/ Yoast SEO plugin. -->","yoast_head_json":{"title":"A bit of Joy - 50x70 cm or 70x100 cm - METTE LINDBERG","robots":{"index":"index","follow":"follow","max-snippet":"max-snippet:-1","max-image-preview":"max-image-preview:large","max-video-preview":"max-video-preview:-1"},"canonical":"https:\/\/mettelindbergart.dk\/en\/produkt\/a-bit-of-joy-50x70-cm-or-70x100-cm\/","og_locale":"en_US","og_type":"article","og_title":"A bit of Joy - 50x70 cm or 70x100 cm - METTE LINDBERG","og_description":"OBS: The art print is available WITH og WITHOUT a white border. Please choose in the drop-down menu.\u00a0  This is a hight quality art print of a painting from 2019.  It comes in two different sizes and with or without a white border on the edge.  It's a gicl\u00e9e print on fine art paper from Hahnem\u00fchle. Gicl\u00e9e print is of very high quality with amazing colours.  The print will be shipped in a tube.  &nbsp;","og_url":"https:\/\/mettelindbergart.dk\/en\/produkt\/a-bit-of-joy-50x70-cm-or-70x100-cm\/","og_site_name":"METTE LINDBERG","article_modified_time":"2021-02-17T10:58:14+00:00","og_image":[{"width":800,"height":800,"url":"https:\/\/mettelindbergart.dk\/wp-content\/uploads\/2020\/04\/Kunsttryk-braendte-farver.jpg","type":"image\/jpeg"}],"twitter_card":"summary_large_image","schema":{"@context":"https:\/\/schema.org","@graph":[{"@type":"WebPage","@id":"https:\/\/mettelindbergart.dk\/en\/produkt\/a-bit-of-joy-50x70-cm-or-70x100-cm\/","url":"https:\/\/mettelindbergart.dk\/en\/produkt\/a-bit-of-joy-50x70-cm-or-70x100-cm\/","name":"A bit of Joy - 50x70 cm or 70x100 cm - METTE LINDBERG","isPartOf":{"@id":"https:\/\/mettelindbergart.dk\/#website"},"primaryImageOfPage":{"@id":"https:\/\/mettelindbergart.dk\/en\/produkt\/a-bit-of-joy-50x70-cm-or-70x100-cm\/#primaryimage"},"image":{"@id":"https:\/\/mettelindbergart.dk\/en\/produkt\/a-bit-of-joy-50x70-cm-or-70x100-cm\/#primaryimage"},"thumbnailUrl":"https:\/\/mettelindbergart.dk\/wp-content\/uploads\/2020\/04\/Kunsttryk-braendte-farver.jpg","datePublished":"2020-04-28T10:44:15+00:00","dateModified":"2021-02-17T10:58:14+00:00","breadcrumb":{"@id":"https:\/\/mettelindbergart.dk\/en\/produkt\/a-bit-of-joy-50x70-cm-or-70x100-cm\/#breadcrumb"},"inLanguage":"en-US","potentialAction":[{"@type":"ReadAction","target":["https:\/\/mettelindbergart.dk\/en\/produkt\/a-bit-of-joy-50x70-cm-or-70x100-cm\/"]}]},{"@type":"ImageObject","inLanguage":"en-US","@id":"https:\/\/mettelindbergart.dk\/en\/produkt\/a-bit-of-joy-50x70-cm-or-70x100-cm\/#primaryimage","url":"https:\/\/mettelindbergart.dk\/wp-content\/uploads\/2020\/04\/Kunsttryk-braendte-farver.jpg","contentUrl":"https:\/\/mettelindbergart.dk\/wp-content\/uploads\/2020\/04\/Kunsttryk-braendte-farver.jpg","width":800,"height":800},{"@type":"BreadcrumbList","@id":"https:\/\/mettelindbergart.dk\/en\/produkt\/a-bit-of-joy-50x70-cm-or-70x100-cm\/#breadcrumb","itemListElement":[{"@type":"ListItem","position":1,"name":"Hjem","item":"https:\/\/mettelindbergart.dk\/"},{"@type":"ListItem","position":2,"name":"Shop","item":"https:\/\/mettelindbergart.dk\/shop\/"},{"@type":"ListItem","position":3,"name":"A bit of Joy &#8211; 50&#215;70 cm or 70&#215;100 cm"}]},{"@type":"WebSite","@id":"https:\/\/mettelindbergart.dk\/#website","url":"https:\/\/mettelindbergart.dk\/","name":"METTE LINDBERG","description":"","potentialAction":[{"@type":"SearchAction","target":{"@type":"EntryPoint","urlTemplate":"https:\/\/mettelindbergart.dk\/?s={search_term_string}"},"query-input":{"@type":"PropertyValueSpecification","valueRequired":true,"valueName":"search_term_string"}}],"inLanguage":"en-US"}]}},"_links":{"self":[{"href":"https:\/\/mettelindbergart.dk\/en\/wp-json\/wp\/v2\/product\/3554","targetHints":{"allow":["GET"]}}],"collection":[{"href":"https:\/\/mettelindbergart.dk\/en\/wp-json\/wp\/v2\/product"}],"about":[{"href":"https:\/\/mettelindbergart.dk\/en\/wp-json\/wp\/v2\/types\/product"}],"version-history":[{"count":1,"href":"https:\/\/mettelindbergart.dk\/en\/wp-json\/wp\/v2\/product\/3554\/revisions"}],"predecessor-version":[{"id":3652,"href":"https:\/\/mettelindbergart.dk\/en\/wp-json\/wp\/v2\/product\/3554\/revisions\/3652"}],"wp:featuredmedia":[{"embeddable":true,"href":"https:\/\/mettelindbergart.dk\/en\/wp-json\/wp\/v2\/media\/3458"}],"wp:attachment":[{"href":"https:\/\/mettelindbergart.dk\/en\/wp-json\/wp\/v2\/media?parent=3554"}],"wp:term":[{"taxonomy":"product_brand","embeddable":true,"href":"https:\/\/mettelindbergart.dk\/en\/wp-json\/wp\/v2\/product_brand?post=3554"},{"taxonomy":"product_cat","embeddable":true,"href":"https:\/\/mettelindbergart.dk\/en\/wp-json\/wp\/v2\/product_cat?post=3554"},{"taxonomy":"product_tag","embeddable":true,"href":"https:\/\/mettelindbergart.dk\/en\/wp-json\/wp\/v2\/product_tag?post=3554"}],"curies":[{"name":"wp","href":"https:\/\/api.w.org\/{rel}","templated":true}]}}