{"id":10063,"date":"2022-08-17T09:47:42","date_gmt":"2022-08-17T09:47:42","guid":{"rendered":"https:\/\/mettelindbergart.dk\/produkt\/on-track-2-100x160-cm\/"},"modified":"2022-08-17T09:47:42","modified_gmt":"2022-08-17T09:47:42","slug":"on-track-2-100x160-cm","status":"publish","type":"product","link":"https:\/\/mettelindbergart.dk\/en\/produkt\/on-track-2-100x160-cm\/","title":{"rendered":"On Track #2 &#8211; 100&#215;160 cm"},"content":{"rendered":"","protected":false},"excerpt":{"rendered":"<p>A colourful painting on stretched canvas.<\/p>\n<p>Can you believe that I&#8217;m finally back in my art studio again? Not only am I back &#8211; I&#8217;m also back with an enormous joy in front of my canvas. Therefore, this painting really means a lot to me.<\/p>\n<p>Please contact me for more info about shipping of this painting.<\/p>\n<p>Og jeg er ikke blot tilbage &#8211; jeg er ogs\u00e5 tilbage med en STOR malegl\u00e6de og lyst, som jeg ikke har oplevet l\u00e6nge. Derfor er dette maleri ogs\u00e5 helt s\u00e6rligt for mig, fordi det &#8211; ligesom de andre v\u00e6rker fra denne sensommerperiode &#8211; er blevet et symbol p\u00e5, at jeg aldrig mere tager den gode maleproces for givet.<\/p>\n<p>Jeg er sp\u00e6ndt p\u00e5, hvor dette sprudlende v\u00e6rk ender henne.<\/p>\n<p>Der er fri fragt p\u00e5 dette maleri.<\/p>\n<p>&nbsp;<\/p>\n","protected":false},"featured_media":10051,"template":"","meta":{"site-sidebar-layout":"default","site-content-layout":"default","ast-site-content-layout":"default","site-content-style":"default","site-sidebar-style":"default","ast-global-header-display":"","ast-banner-title-visibility":"","ast-main-header-display":"","ast-hfb-above-header-display":"","ast-hfb-below-header-display":"","ast-hfb-mobile-header-display":"","site-post-title":"","ast-breadcrumbs-content":"","ast-featured-img":"","footer-sml-layout":"","ast-disable-related-posts":"","theme-transparent-header-meta":"default","adv-header-id-meta":"","stick-header-meta":"","header-above-stick-meta":"","header-main-stick-meta":"","header-below-stick-meta":"","astra-migrate-meta-layouts":"default","ast-page-background-enabled":"default","ast-page-background-meta":{"desktop":{"background-color":"","background-image":"","background-repeat":"repeat","background-position":"center center","background-size":"auto","background-attachment":"scroll","background-type":"","background-media":"","overlay-type":"","overlay-color":"","overlay-opacity":"","overlay-gradient":""},"tablet":{"background-color":"","background-image":"","background-repeat":"repeat","background-position":"center center","background-size":"auto","background-attachment":"scroll","background-type":"","background-media":"","overlay-type":"","overlay-color":"","overlay-opacity":"","overlay-gradient":""},"mobile":{"background-color":"","background-image":"","background-repeat":"repeat","background-position":"center center","background-size":"auto","background-attachment":"scroll","background-type":"","background-media":"","overlay-type":"","overlay-color":"","overlay-opacity":"","overlay-gradient":""}},"ast-content-background-meta":{"desktop":{"background-color":"var(--ast-global-color-5)","background-image":"","background-repeat":"repeat","background-position":"center center","background-size":"auto","background-attachment":"scroll","background-type":"","background-media":"","overlay-type":"","overlay-color":"","overlay-opacity":"","overlay-gradient":""},"tablet":{"background-color":"var(--ast-global-color-5)","background-image":"","background-repeat":"repeat","background-position":"center center","background-size":"auto","background-attachment":"scroll","background-type":"","background-media":"","overlay-type":"","overlay-color":"","overlay-opacity":"","overlay-gradient":""},"mobile":{"background-color":"var(--ast-global-color-5)","background-image":"","background-repeat":"repeat","background-position":"center center","background-size":"auto","background-attachment":"scroll","background-type":"","background-media":"","overlay-type":"","overlay-color":"","overlay-opacity":"","overlay-gradient":""}}},"product_brand":[],"product_cat":[110],"product_tag":[],"class_list":{"0":"post-10063","1":"product","2":"type-product","3":"status-publish","4":"has-post-thumbnail","6":"product_cat-sold-paintings","7":"pif-has-gallery","8":"desktop-align-left","9":"tablet-align-left","10":"mobile-align-left","11":"tm-no-options","13":"first","14":"outofstock","15":"taxable","16":"shipping-taxable","17":"purchasable","18":"product-type-simple"},"yoast_head":"<!-- This site is optimized with the Yoast SEO plugin v26.3 - https:\/\/yoast.com\/wordpress\/plugins\/seo\/ -->\n<title>On Track #2 - 100x160 cm - METTE LINDBERG<\/title>\n<meta name=\"robots\" content=\"index, follow, max-snippet:-1, max-image-preview:large, max-video-preview:-1\" \/>\n<link rel=\"canonical\" href=\"https:\/\/mettelindbergart.dk\/en\/produkt\/on-track-2-100x160-cm\/\" \/>\n<meta property=\"og:locale\" content=\"en_US\" \/>\n<meta property=\"og:type\" content=\"article\" \/>\n<meta property=\"og:title\" content=\"On Track #2 - 100x160 cm - METTE LINDBERG\" \/>\n<meta property=\"og:description\" content=\"A colourful painting on stretched canvas.  Can you believe that I&#039;m finally back in my art studio again? Not only am I back - I&#039;m also back with an enormous joy in front of my canvas. Therefore, this painting really means a lot to me.  Please contact me for more info about shipping of this painting.  Og jeg er ikke blot tilbage - jeg er ogs\u00e5 tilbage med en STOR malegl\u00e6de og lyst, som jeg ikke har oplevet l\u00e6nge. Derfor er dette maleri ogs\u00e5 helt s\u00e6rligt for mig, fordi det - ligesom de andre v\u00e6rker fra denne sensommerperiode - er blevet et symbol p\u00e5, at jeg aldrig mere tager den gode maleproces for givet.  Jeg er sp\u00e6ndt p\u00e5, hvor dette sprudlende v\u00e6rk ender henne.  Der er fri fragt p\u00e5 dette maleri.  &nbsp;\" \/>\n<meta property=\"og:url\" content=\"https:\/\/mettelindbergart.dk\/en\/produkt\/on-track-2-100x160-cm\/\" \/>\n<meta property=\"og:site_name\" content=\"METTE LINDBERG\" \/>\n<meta property=\"og:image\" content=\"https:\/\/mettelindbergart.dk\/wp-content\/uploads\/2022\/08\/lindberg-maleri-over-sofa.jpg\" \/>\n\t<meta property=\"og:image:width\" content=\"1000\" \/>\n\t<meta property=\"og:image:height\" content=\"1000\" \/>\n\t<meta property=\"og:image:type\" content=\"image\/jpeg\" \/>\n<meta name=\"twitter:card\" content=\"summary_large_image\" \/>\n<script type=\"application\/ld+json\" class=\"yoast-schema-graph\">{\"@context\":\"https:\/\/schema.org\",\"@graph\":[{\"@type\":\"WebPage\",\"@id\":\"https:\/\/mettelindbergart.dk\/en\/produkt\/on-track-2-100x160-cm\/\",\"url\":\"https:\/\/mettelindbergart.dk\/en\/produkt\/on-track-2-100x160-cm\/\",\"name\":\"On Track #2 - 100x160 cm - METTE LINDBERG\",\"isPartOf\":{\"@id\":\"https:\/\/mettelindbergart.dk\/#website\"},\"primaryImageOfPage\":{\"@id\":\"https:\/\/mettelindbergart.dk\/en\/produkt\/on-track-2-100x160-cm\/#primaryimage\"},\"image\":{\"@id\":\"https:\/\/mettelindbergart.dk\/en\/produkt\/on-track-2-100x160-cm\/#primaryimage\"},\"thumbnailUrl\":\"https:\/\/mettelindbergart.dk\/wp-content\/uploads\/2022\/08\/lindberg-maleri-over-sofa.jpg\",\"datePublished\":\"2022-08-17T09:47:42+00:00\",\"breadcrumb\":{\"@id\":\"https:\/\/mettelindbergart.dk\/en\/produkt\/on-track-2-100x160-cm\/#breadcrumb\"},\"inLanguage\":\"en-US\",\"potentialAction\":[{\"@type\":\"ReadAction\",\"target\":[\"https:\/\/mettelindbergart.dk\/en\/produkt\/on-track-2-100x160-cm\/\"]}]},{\"@type\":\"ImageObject\",\"inLanguage\":\"en-US\",\"@id\":\"https:\/\/mettelindbergart.dk\/en\/produkt\/on-track-2-100x160-cm\/#primaryimage\",\"url\":\"https:\/\/mettelindbergart.dk\/wp-content\/uploads\/2022\/08\/lindberg-maleri-over-sofa.jpg\",\"contentUrl\":\"https:\/\/mettelindbergart.dk\/wp-content\/uploads\/2022\/08\/lindberg-maleri-over-sofa.jpg\",\"width\":1000,\"height\":1000},{\"@type\":\"BreadcrumbList\",\"@id\":\"https:\/\/mettelindbergart.dk\/en\/produkt\/on-track-2-100x160-cm\/#breadcrumb\",\"itemListElement\":[{\"@type\":\"ListItem\",\"position\":1,\"name\":\"Hjem\",\"item\":\"https:\/\/mettelindbergart.dk\/\"},{\"@type\":\"ListItem\",\"position\":2,\"name\":\"Shop\",\"item\":\"https:\/\/mettelindbergart.dk\/shop\/\"},{\"@type\":\"ListItem\",\"position\":3,\"name\":\"On Track #2 &#8211; 100&#215;160 cm\"}]},{\"@type\":\"WebSite\",\"@id\":\"https:\/\/mettelindbergart.dk\/#website\",\"url\":\"https:\/\/mettelindbergart.dk\/\",\"name\":\"METTE LINDBERG\",\"description\":\"\",\"potentialAction\":[{\"@type\":\"SearchAction\",\"target\":{\"@type\":\"EntryPoint\",\"urlTemplate\":\"https:\/\/mettelindbergart.dk\/?s={search_term_string}\"},\"query-input\":{\"@type\":\"PropertyValueSpecification\",\"valueRequired\":true,\"valueName\":\"search_term_string\"}}],\"inLanguage\":\"en-US\"}]}<\/script>\n<!-- \/ Yoast SEO plugin. -->","yoast_head_json":{"title":"On Track #2 - 100x160 cm - METTE LINDBERG","robots":{"index":"index","follow":"follow","max-snippet":"max-snippet:-1","max-image-preview":"max-image-preview:large","max-video-preview":"max-video-preview:-1"},"canonical":"https:\/\/mettelindbergart.dk\/en\/produkt\/on-track-2-100x160-cm\/","og_locale":"en_US","og_type":"article","og_title":"On Track #2 - 100x160 cm - METTE LINDBERG","og_description":"A colourful painting on stretched canvas.  Can you believe that I'm finally back in my art studio again? Not only am I back - I'm also back with an enormous joy in front of my canvas. Therefore, this painting really means a lot to me.  Please contact me for more info about shipping of this painting.  Og jeg er ikke blot tilbage - jeg er ogs\u00e5 tilbage med en STOR malegl\u00e6de og lyst, som jeg ikke har oplevet l\u00e6nge. Derfor er dette maleri ogs\u00e5 helt s\u00e6rligt for mig, fordi det - ligesom de andre v\u00e6rker fra denne sensommerperiode - er blevet et symbol p\u00e5, at jeg aldrig mere tager den gode maleproces for givet.  Jeg er sp\u00e6ndt p\u00e5, hvor dette sprudlende v\u00e6rk ender henne.  Der er fri fragt p\u00e5 dette maleri.  &nbsp;","og_url":"https:\/\/mettelindbergart.dk\/en\/produkt\/on-track-2-100x160-cm\/","og_site_name":"METTE LINDBERG","og_image":[{"width":1000,"height":1000,"url":"https:\/\/mettelindbergart.dk\/wp-content\/uploads\/2022\/08\/lindberg-maleri-over-sofa.jpg","type":"image\/jpeg"}],"twitter_card":"summary_large_image","schema":{"@context":"https:\/\/schema.org","@graph":[{"@type":"WebPage","@id":"https:\/\/mettelindbergart.dk\/en\/produkt\/on-track-2-100x160-cm\/","url":"https:\/\/mettelindbergart.dk\/en\/produkt\/on-track-2-100x160-cm\/","name":"On Track #2 - 100x160 cm - METTE LINDBERG","isPartOf":{"@id":"https:\/\/mettelindbergart.dk\/#website"},"primaryImageOfPage":{"@id":"https:\/\/mettelindbergart.dk\/en\/produkt\/on-track-2-100x160-cm\/#primaryimage"},"image":{"@id":"https:\/\/mettelindbergart.dk\/en\/produkt\/on-track-2-100x160-cm\/#primaryimage"},"thumbnailUrl":"https:\/\/mettelindbergart.dk\/wp-content\/uploads\/2022\/08\/lindberg-maleri-over-sofa.jpg","datePublished":"2022-08-17T09:47:42+00:00","breadcrumb":{"@id":"https:\/\/mettelindbergart.dk\/en\/produkt\/on-track-2-100x160-cm\/#breadcrumb"},"inLanguage":"en-US","potentialAction":[{"@type":"ReadAction","target":["https:\/\/mettelindbergart.dk\/en\/produkt\/on-track-2-100x160-cm\/"]}]},{"@type":"ImageObject","inLanguage":"en-US","@id":"https:\/\/mettelindbergart.dk\/en\/produkt\/on-track-2-100x160-cm\/#primaryimage","url":"https:\/\/mettelindbergart.dk\/wp-content\/uploads\/2022\/08\/lindberg-maleri-over-sofa.jpg","contentUrl":"https:\/\/mettelindbergart.dk\/wp-content\/uploads\/2022\/08\/lindberg-maleri-over-sofa.jpg","width":1000,"height":1000},{"@type":"BreadcrumbList","@id":"https:\/\/mettelindbergart.dk\/en\/produkt\/on-track-2-100x160-cm\/#breadcrumb","itemListElement":[{"@type":"ListItem","position":1,"name":"Hjem","item":"https:\/\/mettelindbergart.dk\/"},{"@type":"ListItem","position":2,"name":"Shop","item":"https:\/\/mettelindbergart.dk\/shop\/"},{"@type":"ListItem","position":3,"name":"On Track #2 &#8211; 100&#215;160 cm"}]},{"@type":"WebSite","@id":"https:\/\/mettelindbergart.dk\/#website","url":"https:\/\/mettelindbergart.dk\/","name":"METTE LINDBERG","description":"","potentialAction":[{"@type":"SearchAction","target":{"@type":"EntryPoint","urlTemplate":"https:\/\/mettelindbergart.dk\/?s={search_term_string}"},"query-input":{"@type":"PropertyValueSpecification","valueRequired":true,"valueName":"search_term_string"}}],"inLanguage":"en-US"}]}},"_links":{"self":[{"href":"https:\/\/mettelindbergart.dk\/en\/wp-json\/wp\/v2\/product\/10063","targetHints":{"allow":["GET"]}}],"collection":[{"href":"https:\/\/mettelindbergart.dk\/en\/wp-json\/wp\/v2\/product"}],"about":[{"href":"https:\/\/mettelindbergart.dk\/en\/wp-json\/wp\/v2\/types\/product"}],"version-history":[{"count":0,"href":"https:\/\/mettelindbergart.dk\/en\/wp-json\/wp\/v2\/product\/10063\/revisions"}],"wp:featuredmedia":[{"embeddable":true,"href":"https:\/\/mettelindbergart.dk\/en\/wp-json\/wp\/v2\/media\/10051"}],"wp:attachment":[{"href":"https:\/\/mettelindbergart.dk\/en\/wp-json\/wp\/v2\/media?parent=10063"}],"wp:term":[{"taxonomy":"product_brand","embeddable":true,"href":"https:\/\/mettelindbergart.dk\/en\/wp-json\/wp\/v2\/product_brand?post=10063"},{"taxonomy":"product_cat","embeddable":true,"href":"https:\/\/mettelindbergart.dk\/en\/wp-json\/wp\/v2\/product_cat?post=10063"},{"taxonomy":"product_tag","embeddable":true,"href":"https:\/\/mettelindbergart.dk\/en\/wp-json\/wp\/v2\/product_tag?post=10063"}],"curies":[{"name":"wp","href":"https:\/\/api.w.org\/{rel}","templated":true}]}}